{"id":391,"date":"2020-11-27T10:35:30","date_gmt":"2020-11-27T10:35:30","guid":{"rendered":"https:\/\/noprofitonpandemic.eu\/sample-page\/"},"modified":"2020-12-15T15:17:29","modified_gmt":"2020-12-15T14:17:29","slug":"sample-page","status":"publish","type":"page","link":"https:\/\/noprofitonpandemic.eu\/de\/","title":{"rendered":"No Profit on Pandemic"},"content":{"rendered":"<p>[vc_section full_width=&#8220;stretch_row&#8220; video_bg=&#8220;yes&#8220; video_bg_url=&#8220;https:\/\/www.youtube.com\/watch?v=aEw1oCvz2tU&#8220; css_animation=&#8220;none&#8220; el_id=&#8220;videoHeader&#8220;][\/vc_section]<\/p>\n","protected":false},"excerpt":{"rendered":"<p>[vc_section full_width=&#8220;stretch_row&#8220; video_bg=&#8220;yes&#8220; video_bg_url=&#8220;https:\/\/www.youtube.com\/watch?v=aEw1oCvz2tU&#8220; css_animation=&#8220;none&#8220; el_id=&#8220;videoHeader&#8220;][\/vc_section]<\/p>\n","protected":false},"author":1,"featured_media":0,"parent":0,"menu_order":0,"comment_status":"closed","ping_status":"open","template":"page-home.php","meta":[],"acf":[],"yoast_head":"<!-- This site is optimized with the Yoast SEO plugin v15.3 - https:\/\/yoast.com\/wordpress\/plugins\/seo\/ -->\n<meta name=\"description\" content=\"JETZT UNTERZEICHNEN! Dies ist eine INITIATIVE DER EUROP\u00c4ISCHEN B\u00dcRGER f\u00fcr &quot;Kein Profit durch die Pandemie&quot;! Jeder verdient Schutz vor COVID-19.\" \/>\n<meta name=\"robots\" content=\"index, follow, max-snippet:-1, max-image-preview:large, max-video-preview:-1\" \/>\n<link rel=\"canonical\" href=\"https:\/\/noprofitonpandemic.eu\/de\/\" \/>\n<meta property=\"og:locale\" content=\"de_DE\" \/>\n<meta property=\"og:type\" content=\"article\" \/>\n<meta property=\"og:title\" content=\"Kein Profit durch die Pandemie.\" \/>\n<meta property=\"og:description\" content=\"Jeder verdientSchutz vor Covid-19.\" \/>\n<meta property=\"og:url\" content=\"https:\/\/noprofitonpandemic.eu\/de\/\" \/>\n<meta property=\"og:site_name\" content=\"No Profit on the Pandemic\" \/>\n<meta property=\"article:modified_time\" content=\"2020-12-15T14:17:29+00:00\" \/>\n<meta property=\"og:image\" content=\"https:\/\/noprofitonpandemic.eu\/wp-content\/uploads\/2020\/11\/DE_FB-Share.jpg\" \/>\n\t<meta property=\"og:image:width\" content=\"1200\" \/>\n\t<meta property=\"og:image:height\" content=\"628\" \/>\n<meta name=\"twitter:card\" content=\"summary_large_image\" \/>\n<meta name=\"twitter:title\" content=\"Kein Profit durch die Pandemie.\" \/>\n<meta name=\"twitter:description\" content=\"Jeder verdientSchutz vor Covid-19 #right2cure #noprofitonpandemic\" \/>\n<meta name=\"twitter:image\" content=\"https:\/\/noprofitonpandemic.eu\/wp-content\/uploads\/2020\/11\/DE_FB-Share.jpg\" \/>\n<meta name=\"twitter:label1\" content=\"Verfasst von\">\n\t<meta name=\"twitter:data1\" content=\"NPOP\">\n\t<meta name=\"twitter:label2\" content=\"Gesch\u00e4tzte Lesezeit\">\n\t<meta name=\"twitter:data2\" content=\"0\u00a0Minuten\">\n<script type=\"application\/ld+json\" class=\"yoast-schema-graph\">{\"@context\":\"https:\/\/schema.org\",\"@graph\":[{\"@type\":\"Organization\",\"@id\":\"https:\/\/noprofitonpandemic.eu\/de\/#organization\",\"name\":\"Sociaal Actiecentrum voor het Volk vzw\",\"url\":\"https:\/\/noprofitonpandemic.eu\/de\/\",\"sameAs\":[],\"logo\":{\"@type\":\"ImageObject\",\"@id\":\"https:\/\/noprofitonpandemic.eu\/de\/#logo\",\"inLanguage\":\"de\",\"url\":\"https:\/\/noprofitonpandemic.eu\/wp-content\/uploads\/2020\/11\/noprofitonpandemic-logo-e1606511487811.png\",\"width\":500,\"height\":232,\"caption\":\"Sociaal Actiecentrum voor het Volk vzw\"},\"image\":{\"@id\":\"https:\/\/noprofitonpandemic.eu\/de\/#logo\"}},{\"@type\":\"WebSite\",\"@id\":\"https:\/\/noprofitonpandemic.eu\/de\/#website\",\"url\":\"https:\/\/noprofitonpandemic.eu\/de\/\",\"name\":\"No Profit on Pandemic\",\"description\":\"European citizens\\u2019 initiative\",\"publisher\":{\"@id\":\"https:\/\/noprofitonpandemic.eu\/de\/#organization\"},\"potentialAction\":[{\"@type\":\"SearchAction\",\"target\":\"https:\/\/noprofitonpandemic.eu\/de\/?s={search_term_string}\",\"query-input\":\"required name=search_term_string\"}],\"inLanguage\":\"de\"},{\"@type\":\"WebPage\",\"@id\":\"https:\/\/noprofitonpandemic.eu\/de\/#webpage\",\"url\":\"https:\/\/noprofitonpandemic.eu\/de\/\",\"name\":\"Kein Profit durch die Pandemie. Jeder verdient Schutz vor Covid-19.\",\"isPartOf\":{\"@id\":\"https:\/\/noprofitonpandemic.eu\/de\/#website\"},\"datePublished\":\"2020-11-27T10:35:30+00:00\",\"dateModified\":\"2020-12-15T14:17:29+00:00\",\"description\":\"JETZT UNTERZEICHNEN! Dies ist eine INITIATIVE DER EUROP\\u00c4ISCHEN B\\u00dcRGER f\\u00fcr \\\"Kein Profit durch die Pandemie\\\"! Jeder verdient Schutz vor COVID-19.\",\"inLanguage\":\"de\",\"potentialAction\":[{\"@type\":\"ReadAction\",\"target\":[\"https:\/\/noprofitonpandemic.eu\/de\/\"]}]}]}<\/script>\n<!-- \/ Yoast SEO plugin. -->","_links":{"self":[{"href":"https:\/\/noprofitonpandemic.eu\/de\/wp-json\/wp\/v2\/pages\/391"}],"collection":[{"href":"https:\/\/noprofitonpandemic.eu\/de\/wp-json\/wp\/v2\/pages"}],"about":[{"href":"https:\/\/noprofitonpandemic.eu\/de\/wp-json\/wp\/v2\/types\/page"}],"author":[{"embeddable":true,"href":"https:\/\/noprofitonpandemic.eu\/de\/wp-json\/wp\/v2\/users\/1"}],"replies":[{"embeddable":true,"href":"https:\/\/noprofitonpandemic.eu\/de\/wp-json\/wp\/v2\/comments?post=391"}],"version-history":[{"count":4,"href":"https:\/\/noprofitonpandemic.eu\/de\/wp-json\/wp\/v2\/pages\/391\/revisions"}],"predecessor-version":[{"id":2023,"href":"https:\/\/noprofitonpandemic.eu\/de\/wp-json\/wp\/v2\/pages\/391\/revisions\/2023"}],"wp:attachment":[{"href":"https:\/\/noprofitonpandemic.eu\/de\/wp-json\/wp\/v2\/media?parent=391"}],"curies":[{"name":"wp","href":"https:\/\/api.w.org\/{rel}","templated":true}]}}