{"id":393,"date":"2020-11-27T23:59:55","date_gmt":"2020-11-27T23:59:55","guid":{"rendered":"https:\/\/noprofitonpandemic.eu\/our-demands\/"},"modified":"2020-12-15T15:15:21","modified_gmt":"2020-12-15T14:15:21","slug":"unsere-forderungen","status":"publish","type":"page","link":"https:\/\/noprofitonpandemic.eu\/de\/unsere-forderungen\/","title":{"rendered":"Unsere Forderungen?"},"content":{"rendered":"\r\n<p>1 \u2014 <b>Gesundheit f\u00fcr alle<\/b><\/p>\r\n\r\n\r\n\r\n<p><span style=\"font-weight: 400;\">Wir alle haben ein Recht auf Gesundheit. In einer Pandemie sollten Forschung und Technologien auf einer breiten Ebene schnell und weltweit miteinander geteilt werden. Ein privates Unternehmen sollte nicht die Macht haben zu entscheiden, wer Zugang zu Behandlungen oder Impfstoffen hat und zu welchem Preis. Patente geben einem einzigen Unternehmen die Monopolkontrolle \u00fcber wesentliche pharmazeutische Produkte. Dies begrenzt ihre Verf\u00fcgbarkeit und erh\u00f6ht ihre Kosten f\u00fcr diejenigen, die sie brauchen.<\/span><\/p>\r\n\r\n\r\n\r\n<p>2 \u2014 <b>Transparenz jetzt!<\/b><\/p>\r\n\r\n\r\n\r\n<p><span style=\"font-weight: 400;\">Daten \u00fcber Produktionskosten, \u00f6ffentliche Beitr\u00e4ge sowie die Wirksamkeit und Sicherheit von Impfstoffen und Arzneimitteln sollten \u00f6ffentlich sein. Vertr\u00e4ge zwischen \u00f6ffentlichen Beh\u00f6rden und Pharmaunternehmen m\u00fcssen ver\u00f6ffentlicht werden.<\/span><\/p>\r\n\r\n\r\n\r\n<p>3 \u2014 <b>\u00d6ffentliche Gelder, \u00f6ffentliche Kontrolle<\/b><\/p>\r\n\r\n\r\n\r\n<p><span style=\"font-weight: 400;\">Die SteuerzahlerInnen haben f\u00fcr die Forschung und Entwicklung von Impfstoffen und Behandlungen gezahlt. Was von den B\u00fcrgerInnen bezahlt wurde, sollte auch in den H\u00e4nden der B\u00fcrgerInnen bleiben. Wir k\u00f6nnen nicht zulassen, dass gro\u00dfe Pharmaunternehmen wichtige Gesundheitstechnologien privatisieren, die mit \u00f6ffentlichen Mitteln entwickelt wurden.<\/span><\/p>\r\n\r\n\r\n\r\n<p>4 \u2014 <b>Kein Profit durch die Pandemie<\/b><\/p>\r\n\r\n\r\n\r\n<p><span style=\"font-weight: 400;\">Gro\u00dfe Pharmaunternehmen sollten nicht auf Kosten der Gesundheit der Menschen von dieser Pandemie profitieren. Eine kollektive Bedrohung erfordert Solidarit\u00e4t, nicht private Gesch\u00e4ftemacherei. \u00d6ffentliche Mittel sollten immer mit Garantien f\u00fcr Verf\u00fcgbarkeit und Erschwinglichkeit der dadurch erzielten Ergebnisse verbunden sein. Es sollte gro\u00dfen Pharmaunternehmen nicht erlaubt sein, die Sozialversicherungssysteme zu pl\u00fcndern.<\/span><\/p>\r\n","protected":false},"excerpt":{"rendered":"<p>1 \u2014 Gesundheit f\u00fcr alle Wir alle haben ein Recht auf Gesundheit. In einer Pandemie sollten Forschung und Technologien auf einer breiten Ebene schnell und weltweit miteinander geteilt werden. Ein privates Unternehmen sollte nicht die Macht haben zu entscheiden, wer &hellip; <a href=\"https:\/\/noprofitonpandemic.eu\/de\/unsere-forderungen\/\">Continue reading <span class=\"meta-nav\">&rarr;<\/span><\/a><\/p>\n","protected":false},"author":1,"featured_media":0,"parent":0,"menu_order":0,"comment_status":"closed","ping_status":"closed","template":"","meta":[],"acf":[],"yoast_head":"<!-- This site is optimized with the Yoast SEO plugin v15.3 - https:\/\/yoast.com\/wordpress\/plugins\/seo\/ -->\n<meta name=\"description\" content=\"JETZT UNTERZEICHNEN! Dies ist eine INITIATIVE DER EUROP\u00c4ISCHEN B\u00dcRGER f\u00fcr &quot;Kein Profit durch die Pandemie&quot;! Jeder verdient Schutz vor COVID-19.\" \/>\n<meta name=\"robots\" content=\"index, follow, max-snippet:-1, max-image-preview:large, max-video-preview:-1\" \/>\n<link rel=\"canonical\" href=\"https:\/\/noprofitonpandemic.eu\/de\/unsere-forderungen\/\" \/>\n<meta property=\"og:locale\" content=\"de_DE\" \/>\n<meta property=\"og:type\" content=\"article\" \/>\n<meta property=\"og:title\" content=\"Kein Profit durch die Pandemie.\" \/>\n<meta property=\"og:description\" content=\"Jeder verdientSchutz vor Covid-19.\" \/>\n<meta property=\"og:url\" content=\"https:\/\/noprofitonpandemic.eu\/de\/unsere-forderungen\/\" \/>\n<meta property=\"og:site_name\" content=\"No Profit on the Pandemic\" \/>\n<meta property=\"article:modified_time\" content=\"2020-12-15T14:15:21+00:00\" \/>\n<meta property=\"og:image\" content=\"https:\/\/noprofitonpandemic.eu\/wp-content\/uploads\/2020\/12\/DE_FB-Share.jpg\" \/>\n\t<meta property=\"og:image:width\" content=\"1200\" \/>\n\t<meta property=\"og:image:height\" content=\"628\" \/>\n<meta name=\"twitter:card\" content=\"summary_large_image\" \/>\n<meta name=\"twitter:title\" content=\"Kein Profit durch die Pandemie.\" \/>\n<meta name=\"twitter:description\" content=\"Jeder verdientSchutz vor Covid-19 #right2cure #noprofitonpandemic\" \/>\n<meta name=\"twitter:image\" content=\"https:\/\/noprofitonpandemic.eu\/wp-content\/uploads\/2020\/12\/DE_FB-Share.jpg\" \/>\n<meta name=\"twitter:label1\" content=\"Verfasst von\">\n\t<meta name=\"twitter:data1\" content=\"NPOP\">\n\t<meta name=\"twitter:label2\" content=\"Gesch\u00e4tzte Lesezeit\">\n\t<meta name=\"twitter:data2\" content=\"1\u00a0Minute\">\n<script type=\"application\/ld+json\" class=\"yoast-schema-graph\">{\"@context\":\"https:\/\/schema.org\",\"@graph\":[{\"@type\":\"Organization\",\"@id\":\"https:\/\/noprofitonpandemic.eu\/de\/#organization\",\"name\":\"Sociaal Actiecentrum voor het Volk vzw\",\"url\":\"https:\/\/noprofitonpandemic.eu\/de\/\",\"sameAs\":[],\"logo\":{\"@type\":\"ImageObject\",\"@id\":\"https:\/\/noprofitonpandemic.eu\/de\/#logo\",\"inLanguage\":\"de\",\"url\":\"https:\/\/noprofitonpandemic.eu\/wp-content\/uploads\/2020\/11\/noprofitonpandemic-logo-e1606511487811.png\",\"width\":500,\"height\":232,\"caption\":\"Sociaal Actiecentrum voor het Volk vzw\"},\"image\":{\"@id\":\"https:\/\/noprofitonpandemic.eu\/de\/#logo\"}},{\"@type\":\"WebSite\",\"@id\":\"https:\/\/noprofitonpandemic.eu\/de\/#website\",\"url\":\"https:\/\/noprofitonpandemic.eu\/de\/\",\"name\":\"No Profit on Pandemic\",\"description\":\"European citizens\\u2019 initiative\",\"publisher\":{\"@id\":\"https:\/\/noprofitonpandemic.eu\/de\/#organization\"},\"potentialAction\":[{\"@type\":\"SearchAction\",\"target\":\"https:\/\/noprofitonpandemic.eu\/de\/?s={search_term_string}\",\"query-input\":\"required name=search_term_string\"}],\"inLanguage\":\"de\"},{\"@type\":\"WebPage\",\"@id\":\"https:\/\/noprofitonpandemic.eu\/de\/unsere-forderungen\/#webpage\",\"url\":\"https:\/\/noprofitonpandemic.eu\/de\/unsere-forderungen\/\",\"name\":\"Unsere Forderungen? | No Profit on the Pandemic\",\"isPartOf\":{\"@id\":\"https:\/\/noprofitonpandemic.eu\/de\/#website\"},\"datePublished\":\"2020-11-27T23:59:55+00:00\",\"dateModified\":\"2020-12-15T14:15:21+00:00\",\"description\":\"JETZT UNTERZEICHNEN! Dies ist eine INITIATIVE DER EUROP\\u00c4ISCHEN B\\u00dcRGER f\\u00fcr \\\"Kein Profit durch die Pandemie\\\"! Jeder verdient Schutz vor COVID-19.\",\"inLanguage\":\"de\",\"potentialAction\":[{\"@type\":\"ReadAction\",\"target\":[\"https:\/\/noprofitonpandemic.eu\/de\/unsere-forderungen\/\"]}]}]}<\/script>\n<!-- \/ Yoast SEO plugin. -->","_links":{"self":[{"href":"https:\/\/noprofitonpandemic.eu\/de\/wp-json\/wp\/v2\/pages\/393"}],"collection":[{"href":"https:\/\/noprofitonpandemic.eu\/de\/wp-json\/wp\/v2\/pages"}],"about":[{"href":"https:\/\/noprofitonpandemic.eu\/de\/wp-json\/wp\/v2\/types\/page"}],"author":[{"embeddable":true,"href":"https:\/\/noprofitonpandemic.eu\/de\/wp-json\/wp\/v2\/users\/1"}],"replies":[{"embeddable":true,"href":"https:\/\/noprofitonpandemic.eu\/de\/wp-json\/wp\/v2\/comments?post=393"}],"version-history":[{"count":2,"href":"https:\/\/noprofitonpandemic.eu\/de\/wp-json\/wp\/v2\/pages\/393\/revisions"}],"predecessor-version":[{"id":395,"href":"https:\/\/noprofitonpandemic.eu\/de\/wp-json\/wp\/v2\/pages\/393\/revisions\/395"}],"wp:attachment":[{"href":"https:\/\/noprofitonpandemic.eu\/de\/wp-json\/wp\/v2\/media?parent=393"}],"curies":[{"name":"wp","href":"https:\/\/api.w.org\/{rel}","templated":true}]}}