{"id":1359,"date":"2020-11-27T10:35:30","date_gmt":"2020-11-27T10:35:30","guid":{"rendered":"https:\/\/noprofitonpandemic.eu\/sample-page\/"},"modified":"2020-12-15T15:04:18","modified_gmt":"2020-12-15T14:04:18","slug":"sample-page","status":"publish","type":"page","link":"https:\/\/noprofitonpandemic.eu\/hu\/","title":{"rendered":"No Profit on Pandemic"},"content":{"rendered":"<p>[vc_section full_width=&#8221;stretch_row&#8221; video_bg=&#8221;yes&#8221; video_bg_url=&#8221;https:\/\/www.youtube.com\/watch?v=aEw1oCvz2tU&#8221; css_animation=&#8221;none&#8221; el_id=&#8221;videoHeader&#8221;][\/vc_section]<\/p>\n","protected":false},"excerpt":{"rendered":"<p>[vc_section full_width=&#8221;stretch_row&#8221; video_bg=&#8221;yes&#8221; video_bg_url=&#8221;https:\/\/www.youtube.com\/watch?v=aEw1oCvz2tU&#8221; css_animation=&#8221;none&#8221; el_id=&#8221;videoHeader&#8221;][\/vc_section]<\/p>\n","protected":false},"author":1,"featured_media":0,"parent":0,"menu_order":0,"comment_status":"closed","ping_status":"open","template":"page-home.php","meta":[],"acf":[],"yoast_head":"<!-- This site is optimized with the Yoast SEO plugin v15.3 - https:\/\/yoast.com\/wordpress\/plugins\/seo\/ -->\n<meta name=\"description\" content=\"\u00cdRD AL\u00c1 MOST! Ez egy EUR\u00d3PAI POLG\u00c1RI KEZDEM\u00c9NYEZ\u00c9S arra hogy Ne legyen nyeres\u00e9gesked\u00e9s a vil\u00e1gj\u00e1rv\u00e1nyon. Mindenki meg\u00e9rdemli a COVID-19-t\u0151l val\u00f3 v\u00e9delmet.\" \/>\n<meta name=\"robots\" content=\"index, follow, max-snippet:-1, max-image-preview:large, max-video-preview:-1\" \/>\n<link rel=\"canonical\" href=\"https:\/\/noprofitonpandemic.eu\/hu\/\" \/>\n<meta property=\"og:locale\" content=\"hu_HU\" \/>\n<meta property=\"og:type\" content=\"article\" \/>\n<meta property=\"og:title\" content=\"Ne Legyen Nyeres\u00e9gesked\u00e9s a Vil\u00e1gj\u00e1rv\u00e1nyon! \u00cdrd al\u00e1 most!\" \/>\n<meta property=\"og:description\" content=\"Mindenki meg\u00e9rdemli a COVID-19-t\u0151l val\u00f3 v\u00e9delmet.\" \/>\n<meta property=\"og:url\" content=\"https:\/\/noprofitonpandemic.eu\/hu\/\" \/>\n<meta property=\"og:site_name\" content=\"No Profit on the Pandemic\" \/>\n<meta property=\"article:modified_time\" content=\"2020-12-15T14:04:18+00:00\" \/>\n<meta property=\"og:image\" content=\"https:\/\/noprofitonpandemic.eu\/wp-content\/uploads\/2020\/12\/MAG_FB-Share.jpg\" \/>\n\t<meta property=\"og:image:width\" content=\"1200\" \/>\n\t<meta property=\"og:image:height\" content=\"628\" \/>\n<meta name=\"twitter:card\" content=\"summary_large_image\" \/>\n<meta name=\"twitter:title\" content=\"Ne Legyen Nyeres\u00e9gesked\u00e9s a Vil\u00e1gj\u00e1rv\u00e1nyon! \u00cdrd al\u00e1 most!\" \/>\n<meta name=\"twitter:description\" content=\"Mindenki meg\u00e9rdemli a COVID-19-t\u0151l val\u00f3 v\u00e9delmet #right2cure #noprofitonpandemic\" \/>\n<meta name=\"twitter:image\" content=\"https:\/\/noprofitonpandemic.eu\/wp-content\/uploads\/2020\/12\/MAG_FB-Share.jpg\" \/>\n<meta name=\"twitter:label1\" content=\"Szerz\u0151:\">\n\t<meta name=\"twitter:data1\" content=\"NPOP\">\n\t<meta name=\"twitter:label2\" content=\"Becs\u00fclt olvas\u00e1si id\u0151\">\n\t<meta name=\"twitter:data2\" content=\"0 perc\">\n<script type=\"application\/ld+json\" class=\"yoast-schema-graph\">{\"@context\":\"https:\/\/schema.org\",\"@graph\":[{\"@type\":\"Organization\",\"@id\":\"https:\/\/noprofitonpandemic.eu\/hu\/#organization\",\"name\":\"Sociaal Actiecentrum voor het Volk vzw\",\"url\":\"https:\/\/noprofitonpandemic.eu\/hu\/\",\"sameAs\":[],\"logo\":{\"@type\":\"ImageObject\",\"@id\":\"https:\/\/noprofitonpandemic.eu\/hu\/#logo\",\"inLanguage\":\"hu\",\"url\":\"https:\/\/noprofitonpandemic.eu\/wp-content\/uploads\/2020\/11\/noprofitonpandemic-logo-e1606511487811.png\",\"width\":500,\"height\":232,\"caption\":\"Sociaal Actiecentrum voor het Volk vzw\"},\"image\":{\"@id\":\"https:\/\/noprofitonpandemic.eu\/hu\/#logo\"}},{\"@type\":\"WebSite\",\"@id\":\"https:\/\/noprofitonpandemic.eu\/hu\/#website\",\"url\":\"https:\/\/noprofitonpandemic.eu\/hu\/\",\"name\":\"No Profit on Pandemic\",\"description\":\"European citizens\\u2019 initiative\",\"publisher\":{\"@id\":\"https:\/\/noprofitonpandemic.eu\/hu\/#organization\"},\"potentialAction\":[{\"@type\":\"SearchAction\",\"target\":\"https:\/\/noprofitonpandemic.eu\/hu\/?s={search_term_string}\",\"query-input\":\"required name=search_term_string\"}],\"inLanguage\":\"hu\"},{\"@type\":\"WebPage\",\"@id\":\"https:\/\/noprofitonpandemic.eu\/hu\/#webpage\",\"url\":\"https:\/\/noprofitonpandemic.eu\/hu\/\",\"name\":\"Ne legyen nyeres\\u00e9gesked\\u00e9s a vil\\u00e1gj\\u00e1rv\\u00e1nyon. Mindenki meg\\u00e9rdemli a COVID-19-t\\u0151l val\\u00f3 v\\u00e9delmet.\",\"isPartOf\":{\"@id\":\"https:\/\/noprofitonpandemic.eu\/hu\/#website\"},\"datePublished\":\"2020-11-27T10:35:30+00:00\",\"dateModified\":\"2020-12-15T14:04:18+00:00\",\"description\":\"\\u00cdRD AL\\u00c1 MOST! Ez egy EUR\\u00d3PAI POLG\\u00c1RI KEZDEM\\u00c9NYEZ\\u00c9S arra hogy Ne legyen nyeres\\u00e9gesked\\u00e9s a vil\\u00e1gj\\u00e1rv\\u00e1nyon. Mindenki meg\\u00e9rdemli a COVID-19-t\\u0151l val\\u00f3 v\\u00e9delmet.\",\"inLanguage\":\"hu\",\"potentialAction\":[{\"@type\":\"ReadAction\",\"target\":[\"https:\/\/noprofitonpandemic.eu\/hu\/\"]}]}]}<\/script>\n<!-- \/ Yoast SEO plugin. -->","_links":{"self":[{"href":"https:\/\/noprofitonpandemic.eu\/hu\/wp-json\/wp\/v2\/pages\/1359"}],"collection":[{"href":"https:\/\/noprofitonpandemic.eu\/hu\/wp-json\/wp\/v2\/pages"}],"about":[{"href":"https:\/\/noprofitonpandemic.eu\/hu\/wp-json\/wp\/v2\/types\/page"}],"author":[{"embeddable":true,"href":"https:\/\/noprofitonpandemic.eu\/hu\/wp-json\/wp\/v2\/users\/1"}],"replies":[{"embeddable":true,"href":"https:\/\/noprofitonpandemic.eu\/hu\/wp-json\/wp\/v2\/comments?post=1359"}],"version-history":[{"count":2,"href":"https:\/\/noprofitonpandemic.eu\/hu\/wp-json\/wp\/v2\/pages\/1359\/revisions"}],"predecessor-version":[{"id":2014,"href":"https:\/\/noprofitonpandemic.eu\/hu\/wp-json\/wp\/v2\/pages\/1359\/revisions\/2014"}],"wp:attachment":[{"href":"https:\/\/noprofitonpandemic.eu\/hu\/wp-json\/wp\/v2\/media?parent=1359"}],"curies":[{"name":"wp","href":"https:\/\/api.w.org\/{rel}","templated":true}]}}