{"id":380,"date":"2020-11-28T00:00:11","date_gmt":"2020-11-28T00:00:11","guid":{"rendered":"https:\/\/noprofitonpandemic.eu\/whats-an-eci\/"},"modified":"2020-12-15T14:57:20","modified_gmt":"2020-12-15T13:57:20","slug":"cose-unice","status":"publish","type":"page","link":"https:\/\/noprofitonpandemic.eu\/it\/cose-unice\/","title":{"rendered":"Cos&#8217;\u00e8 un&#8217;ICE?"},"content":{"rendered":"\r\n<p><strong>I cittadini dell&#8217;UE hanno il diritto di rivolgersi direttamente alla Commissione europea con un&#8217;iniziativa dei cittadini europei per proporre un atto legislativo concreto. Affinch\u00e9 un&#8217;iniziativa possa essere presa in considerazione dalla Commissione, \u00e8 necessario che 1 milione di persone provenienti da tutta la UE firmi a suo sostegno.<\/strong><\/p>\r\n<p><span style=\"font-weight: 400;\">Gli obiettivi specifici che abbiamo presentato alla Commissione Europea sono i seguenti:<\/span><\/p>\r\n\r\n\r\n\r\n<p><span style=\"font-weight: 400;\">Visto il trattato sul funzionamento dell&#8217;Unione europea, in particolare gli articoli 114, 118 e 168, chiediamo alla Commissione europea di proporre una normativa intesa a:<\/span><\/p>\r\n<ul>\r\n<li style=\"font-weight: 400;\"><span style=\"font-weight: 400;\">garantire che i diritti di propriet\u00e0 intellettuale, compresi i brevetti, non ostacolino l&#8217;accessibilit\u00e0 o la disponibilit\u00e0 di qualsiasi futuro vaccino o trattamento contro la COVID-19;<\/span><\/li>\r\n<li style=\"font-weight: 400;\"><span style=\"font-weight: 400;\">garantire che la legislazione dell&#8217;UE in materia di esclusivit\u00e0 dei dati e di mercato non limiti l&#8217;efficacia immediata delle licenze obbligatorie rilasciate dagli Stati membri;<\/span><\/li>\r\n<li style=\"font-weight: 400;\"><span style=\"font-weight: 400;\">introdurre obblighi giuridici per i beneficiari di finanziamenti dell&#8217;UE per quanto riguarda la condivisione di conoscenze in materia di tecnologie sanitarie, di propriet\u00e0 intellettuale e\/o di dati relativi alla COVID-19 in un pool tecnologico o di brevetti;<\/span><\/li>\r\n<li style=\"font-weight: 400;\"><span style=\"font-weight: 400;\">introdurre obblighi giuridici per i beneficiari di finanziamenti dell&#8217;UE per quanto riguarda la trasparenza dei finanziamenti pubblici e dei costi di produzione e clausole di trasparenza e di accessibilit\u00e0 insieme a licenze non esclusive.<\/span><\/li>\r\n<\/ul>\r\n","protected":false},"excerpt":{"rendered":"<p>I cittadini dell&#8217;UE hanno il diritto di rivolgersi direttamente alla Commissione europea con un&#8217;iniziativa dei cittadini europei per proporre un atto legislativo concreto. Affinch\u00e9 un&#8217;iniziativa possa essere presa in considerazione dalla Commissione, \u00e8 necessario che 1 milione di persone provenienti &hellip; <a href=\"https:\/\/noprofitonpandemic.eu\/it\/cose-unice\/\">Continue reading <span class=\"meta-nav\">&rarr;<\/span><\/a><\/p>\n","protected":false},"author":1,"featured_media":0,"parent":0,"menu_order":0,"comment_status":"closed","ping_status":"closed","template":"","meta":[],"acf":[],"yoast_head":"<!-- This site is optimized with the Yoast SEO plugin v15.3 - https:\/\/yoast.com\/wordpress\/plugins\/seo\/ -->\n<meta name=\"description\" content=\"FIRMA ORA! Questa \u00e8 un&#039;INIZIATIVA DEI CITTADINI EUROPEI , Nessun profitto sulla pandemia. Tutti hanno diritto alla protezione dal COVID-19.\" \/>\n<meta name=\"robots\" content=\"index, follow, max-snippet:-1, max-image-preview:large, max-video-preview:-1\" \/>\n<link rel=\"canonical\" href=\"https:\/\/noprofitonpandemic.eu\/it\/cose-unice\/\" \/>\n<meta property=\"og:locale\" content=\"it_IT\" \/>\n<meta property=\"og:type\" content=\"article\" \/>\n<meta property=\"og:title\" content=\"Nessun profitto sulla pandemia! Firma ora!\" \/>\n<meta property=\"og:description\" content=\"Tutti hanno diritto alla protezione dal COVID-19.\" \/>\n<meta property=\"og:url\" content=\"https:\/\/noprofitonpandemic.eu\/it\/cose-unice\/\" \/>\n<meta property=\"og:site_name\" content=\"No Profit on the Pandemic\" \/>\n<meta property=\"article:modified_time\" content=\"2020-12-15T13:57:20+00:00\" \/>\n<meta property=\"og:image\" content=\"https:\/\/noprofitonpandemic.eu\/wp-content\/uploads\/2020\/12\/IT_FB-Share.jpg\" \/>\n\t<meta property=\"og:image:width\" content=\"1200\" \/>\n\t<meta property=\"og:image:height\" content=\"628\" \/>\n<meta name=\"twitter:card\" content=\"summary_large_image\" \/>\n<meta name=\"twitter:title\" content=\"Nessun profitto sulla pandemia! Firma ora!\" \/>\n<meta name=\"twitter:description\" content=\"Tutti hanno diritto alla protezione dal COVID-19. #right2cure #noprofitonpandemic\" \/>\n<meta name=\"twitter:image\" content=\"https:\/\/noprofitonpandemic.eu\/wp-content\/uploads\/2020\/12\/IT_FB-Share.jpg\" \/>\n<meta name=\"twitter:label1\" content=\"Scritto da\">\n\t<meta name=\"twitter:data1\" content=\"NPOP\">\n\t<meta name=\"twitter:label2\" content=\"Tempo di lettura stimato\">\n\t<meta name=\"twitter:data2\" content=\"1 minuto\">\n<script type=\"application\/ld+json\" class=\"yoast-schema-graph\">{\"@context\":\"https:\/\/schema.org\",\"@graph\":[{\"@type\":\"Organization\",\"@id\":\"https:\/\/noprofitonpandemic.eu\/it\/#organization\",\"name\":\"Sociaal Actiecentrum voor het Volk vzw\",\"url\":\"https:\/\/noprofitonpandemic.eu\/it\/\",\"sameAs\":[],\"logo\":{\"@type\":\"ImageObject\",\"@id\":\"https:\/\/noprofitonpandemic.eu\/it\/#logo\",\"inLanguage\":\"it-IT\",\"url\":\"https:\/\/noprofitonpandemic.eu\/wp-content\/uploads\/2020\/11\/noprofitonpandemic-logo-e1606511487811.png\",\"width\":500,\"height\":232,\"caption\":\"Sociaal Actiecentrum voor het Volk vzw\"},\"image\":{\"@id\":\"https:\/\/noprofitonpandemic.eu\/it\/#logo\"}},{\"@type\":\"WebSite\",\"@id\":\"https:\/\/noprofitonpandemic.eu\/it\/#website\",\"url\":\"https:\/\/noprofitonpandemic.eu\/it\/\",\"name\":\"No Profit on Pandemic\",\"description\":\"European citizens\\u2019 initiative\",\"publisher\":{\"@id\":\"https:\/\/noprofitonpandemic.eu\/it\/#organization\"},\"potentialAction\":[{\"@type\":\"SearchAction\",\"target\":\"https:\/\/noprofitonpandemic.eu\/it\/?s={search_term_string}\",\"query-input\":\"required name=search_term_string\"}],\"inLanguage\":\"it-IT\"},{\"@type\":\"WebPage\",\"@id\":\"https:\/\/noprofitonpandemic.eu\/it\/cose-unice\/#webpage\",\"url\":\"https:\/\/noprofitonpandemic.eu\/it\/cose-unice\/\",\"name\":\"Cos'\\u00e8 un'ICE? | No Profit on the Pandemic\",\"isPartOf\":{\"@id\":\"https:\/\/noprofitonpandemic.eu\/it\/#website\"},\"datePublished\":\"2020-11-28T00:00:11+00:00\",\"dateModified\":\"2020-12-15T13:57:20+00:00\",\"description\":\"FIRMA ORA! Questa \\u00e8 un'INIZIATIVA DEI CITTADINI EUROPEI , Nessun profitto sulla pandemia. Tutti hanno diritto alla protezione dal COVID-19.\",\"inLanguage\":\"it-IT\",\"potentialAction\":[{\"@type\":\"ReadAction\",\"target\":[\"https:\/\/noprofitonpandemic.eu\/it\/cose-unice\/\"]}]}]}<\/script>\n<!-- \/ Yoast SEO plugin. -->","_links":{"self":[{"href":"https:\/\/noprofitonpandemic.eu\/it\/wp-json\/wp\/v2\/pages\/380"}],"collection":[{"href":"https:\/\/noprofitonpandemic.eu\/it\/wp-json\/wp\/v2\/pages"}],"about":[{"href":"https:\/\/noprofitonpandemic.eu\/it\/wp-json\/wp\/v2\/types\/page"}],"author":[{"embeddable":true,"href":"https:\/\/noprofitonpandemic.eu\/it\/wp-json\/wp\/v2\/users\/1"}],"replies":[{"embeddable":true,"href":"https:\/\/noprofitonpandemic.eu\/it\/wp-json\/wp\/v2\/comments?post=380"}],"version-history":[{"count":2,"href":"https:\/\/noprofitonpandemic.eu\/it\/wp-json\/wp\/v2\/pages\/380\/revisions"}],"predecessor-version":[{"id":382,"href":"https:\/\/noprofitonpandemic.eu\/it\/wp-json\/wp\/v2\/pages\/380\/revisions\/382"}],"wp:attachment":[{"href":"https:\/\/noprofitonpandemic.eu\/it\/wp-json\/wp\/v2\/media?parent=380"}],"curies":[{"name":"wp","href":"https:\/\/api.w.org\/{rel}","templated":true}]}}