{"id":640,"date":"2020-11-27T10:35:30","date_gmt":"2020-11-27T10:35:30","guid":{"rendered":"https:\/\/noprofitonpandemic.eu\/sample-page\/"},"modified":"2020-12-15T14:53:51","modified_gmt":"2020-12-15T13:53:51","slug":"sample-page","status":"publish","type":"page","link":"https:\/\/noprofitonpandemic.eu\/lv\/","title":{"rendered":"No Profit on Pandemic"},"content":{"rendered":"<p>[vc_section full_width=&#8221;stretch_row&#8221; video_bg=&#8221;yes&#8221; video_bg_url=&#8221;https:\/\/www.youtube.com\/watch?v=aEw1oCvz2tU&#8221; css_animation=&#8221;none&#8221; el_id=&#8221;videoHeader&#8221;][\/vc_section]<\/p>\n","protected":false},"excerpt":{"rendered":"<p>[vc_section full_width=&#8221;stretch_row&#8221; video_bg=&#8221;yes&#8221; video_bg_url=&#8221;https:\/\/www.youtube.com\/watch?v=aEw1oCvz2tU&#8221; css_animation=&#8221;none&#8221; el_id=&#8221;videoHeader&#8221;][\/vc_section]<\/p>\n","protected":false},"author":1,"featured_media":0,"parent":0,"menu_order":0,"comment_status":"closed","ping_status":"open","template":"page-home.php","meta":[],"acf":[],"yoast_head":"<!-- This site is optimized with the Yoast SEO plugin v15.3 - https:\/\/yoast.com\/wordpress\/plugins\/seo\/ -->\n<meta name=\"description\" content=\"PARAKSTI T\u016aL\u012aT! \u0160\u012a IR EIROPAS PILSO\u0145U INICIAT\u012aVA \u201cPand\u0113mija nav bizness\u201d! Ikviens ir peln\u012bjis aizsardz\u012bbu no COVID-19.\" \/>\n<meta name=\"robots\" content=\"index, follow, max-snippet:-1, max-image-preview:large, max-video-preview:-1\" \/>\n<link rel=\"canonical\" href=\"https:\/\/noprofitonpandemic.eu\/lv\/\" \/>\n<meta property=\"og:locale\" content=\"lv_LV\" \/>\n<meta property=\"og:type\" content=\"article\" \/>\n<meta property=\"og:title\" content=\"Pand\u0113mija nav bizness! Parakst\u012bt t\u016bl\u012bt!\" \/>\n<meta property=\"og:description\" content=\"Visi ir peln\u012bju\u0161i aizsardz\u012bbu no Covid-19.\" \/>\n<meta property=\"og:url\" content=\"https:\/\/noprofitonpandemic.eu\/lv\/\" \/>\n<meta property=\"og:site_name\" content=\"No Profit on the Pandemic\" \/>\n<meta property=\"article:modified_time\" content=\"2020-12-15T13:53:51+00:00\" \/>\n<meta property=\"og:image\" content=\"https:\/\/noprofitonpandemic.eu\/wp-content\/uploads\/2020\/12\/LAT_FB-Share.jpg\" \/>\n\t<meta property=\"og:image:width\" content=\"1200\" \/>\n\t<meta property=\"og:image:height\" content=\"628\" \/>\n<meta name=\"twitter:card\" content=\"summary_large_image\" \/>\n<meta name=\"twitter:title\" content=\"Pand\u0113mija nav bizness! Parakst\u012bt t\u016bl\u012bt!\" \/>\n<meta name=\"twitter:description\" content=\"Visi ir peln\u012bju\u0161i aizsardz\u012bbu no Covid-19 #right2cure #noprofitonpandemic\" \/>\n<meta name=\"twitter:image\" content=\"https:\/\/noprofitonpandemic.eu\/wp-content\/uploads\/2020\/12\/LAT_FB-Share-1.jpg\" \/>\n<meta name=\"twitter:label1\" content=\"Written by\">\n\t<meta name=\"twitter:data1\" content=\"NPOP\">\n\t<meta name=\"twitter:label2\" content=\"Est. reading time\">\n\t<meta name=\"twitter:data2\" content=\"0 minutes\">\n<script type=\"application\/ld+json\" class=\"yoast-schema-graph\">{\"@context\":\"https:\/\/schema.org\",\"@graph\":[{\"@type\":\"Organization\",\"@id\":\"https:\/\/noprofitonpandemic.eu\/lv\/#organization\",\"name\":\"Sociaal Actiecentrum voor het Volk vzw\",\"url\":\"https:\/\/noprofitonpandemic.eu\/lv\/\",\"sameAs\":[],\"logo\":{\"@type\":\"ImageObject\",\"@id\":\"https:\/\/noprofitonpandemic.eu\/lv\/#logo\",\"inLanguage\":\"lv-LV\",\"url\":\"https:\/\/noprofitonpandemic.eu\/wp-content\/uploads\/2020\/11\/noprofitonpandemic-logo-e1606511487811.png\",\"width\":500,\"height\":232,\"caption\":\"Sociaal Actiecentrum voor het Volk vzw\"},\"image\":{\"@id\":\"https:\/\/noprofitonpandemic.eu\/lv\/#logo\"}},{\"@type\":\"WebSite\",\"@id\":\"https:\/\/noprofitonpandemic.eu\/lv\/#website\",\"url\":\"https:\/\/noprofitonpandemic.eu\/lv\/\",\"name\":\"No Profit on Pandemic\",\"description\":\"European citizens\\u2019 initiative\",\"publisher\":{\"@id\":\"https:\/\/noprofitonpandemic.eu\/lv\/#organization\"},\"potentialAction\":[{\"@type\":\"SearchAction\",\"target\":\"https:\/\/noprofitonpandemic.eu\/lv\/?s={search_term_string}\",\"query-input\":\"required name=search_term_string\"}],\"inLanguage\":\"lv-LV\"},{\"@type\":\"WebPage\",\"@id\":\"https:\/\/noprofitonpandemic.eu\/lv\/#webpage\",\"url\":\"https:\/\/noprofitonpandemic.eu\/lv\/\",\"name\":\"Pand\\u0113mija nav bizness! Visi ir peln\\u012bju\\u0161i aizsardz\\u012bbu no Covid-19\",\"isPartOf\":{\"@id\":\"https:\/\/noprofitonpandemic.eu\/lv\/#website\"},\"datePublished\":\"2020-11-27T10:35:30+00:00\",\"dateModified\":\"2020-12-15T13:53:51+00:00\",\"description\":\"PARAKSTI T\\u016aL\\u012aT! \\u0160\\u012a IR EIROPAS PILSO\\u0145U INICIAT\\u012aVA \\u201cPand\\u0113mija nav bizness\\u201d! Ikviens ir peln\\u012bjis aizsardz\\u012bbu no COVID-19.\",\"inLanguage\":\"lv-LV\",\"potentialAction\":[{\"@type\":\"ReadAction\",\"target\":[\"https:\/\/noprofitonpandemic.eu\/lv\/\"]}]}]}<\/script>\n<!-- \/ Yoast SEO plugin. -->","_links":{"self":[{"href":"https:\/\/noprofitonpandemic.eu\/lv\/wp-json\/wp\/v2\/pages\/640"}],"collection":[{"href":"https:\/\/noprofitonpandemic.eu\/lv\/wp-json\/wp\/v2\/pages"}],"about":[{"href":"https:\/\/noprofitonpandemic.eu\/lv\/wp-json\/wp\/v2\/types\/page"}],"author":[{"embeddable":true,"href":"https:\/\/noprofitonpandemic.eu\/lv\/wp-json\/wp\/v2\/users\/1"}],"replies":[{"embeddable":true,"href":"https:\/\/noprofitonpandemic.eu\/lv\/wp-json\/wp\/v2\/comments?post=640"}],"version-history":[{"count":3,"href":"https:\/\/noprofitonpandemic.eu\/lv\/wp-json\/wp\/v2\/pages\/640\/revisions"}],"predecessor-version":[{"id":770,"href":"https:\/\/noprofitonpandemic.eu\/lv\/wp-json\/wp\/v2\/pages\/640\/revisions\/770"}],"wp:attachment":[{"href":"https:\/\/noprofitonpandemic.eu\/lv\/wp-json\/wp\/v2\/media?parent=640"}],"curies":[{"name":"wp","href":"https:\/\/api.w.org\/{rel}","templated":true}]}}