{"id":2126,"date":"2020-11-28T00:00:27","date_gmt":"2020-11-28T00:00:27","guid":{"rendered":"https:\/\/noprofitonpandemic.eu\/who-are-we\/"},"modified":"2021-12-15T23:11:17","modified_gmt":"2021-12-15T22:11:17","slug":"min-ahna","status":"publish","type":"page","link":"https:\/\/noprofitonpandemic.eu\/mt\/min-ahna\/","title":{"rendered":"Min a\u0127na?"},"content":{"rendered":"<p>Jekk l-organizzazzjoni tieg\u0127ek tixtieq ting\u0127aqad ma&#8217; din il-koalizzjoni, jekk jog\u0127\u0121bok ikteb lil:\u00a0<a href=\"mailto:info@noprofitonpandemic.eu\">info@noprofitonpandemic.eu<\/a><\/p>\n<p><strong>Organizzaturi<\/strong><\/p>\n<p>Anne DELESPAUL<br \/>\nCaoimhgh\u00edn \u00d3 CAOL\u00c1IN<br \/>\nChrysanthos GEORGIOU<br \/>\nIsabel PE\u00d1A-REY<br \/>\nKarim KHELFAOUI<br \/>\nMichael DOUBEK<br \/>\nMichel LIMOUSIN<br \/>\nRosa Maria MEDEL P\u00c9REZ<br \/>\nSara MURAWSKI<br \/>\nSascha Heribert WAGNER<br \/>\nVittorio Emanuele AGNOLETTO<\/p>\n<p><strong>Organizzazzjonijiet tas-so\u010bjet\u00e0 \u010bivili u gruppi politi\u010bi<\/strong><\/p>\n<p>EU<\/p>\n<p>Agora des habitants de la Terre<br \/>\nAlterSummit<br \/>\nAvocats Europ\u00e9ens D\u00e9mocrates &#8211; European Democratic Lawyers<br \/>\nCorporate Europe Observatory &#8211; CEO<br \/>\nEmergency ONG<br \/>\nEUMANS<br \/>\nEmma\u00fcs International<br \/>\nEPSU &#8211; European Federation of Public Service Unions<br \/>\nEuropean Alternatives<br \/>\nEuropean Forum<br \/>\nEuropean network against privatization and commercialization of health and social protection<br \/>\nFriends of the Earth Europe<br \/>\nHealth Action International<br \/>\nInternational Alliance of Inhabitants<br \/>\nOncobulle<br \/>\nOxfam International<br \/>\nPeople&#8217;s Health Movement Europe<br \/>\nPour La Solidarit\u00e9 &#8211; PLS<br \/>\nR\u00e9seau syndical international de solidarit\u00e9 et de luttes<br \/>\nScience for Democracy<br \/>\nSOLIDAR<br \/>\nUAEM &#8211; Universities Allied for Essential Medicines Europe<br \/>\nUNI Global Union &#8211; UNICARE<\/p>\n<p>Greens\/European Free Alliance<br \/>\nThe Left in the European Parliament (GUE\/NGL)<\/p>\n<p>AT<\/p>\n<p>Anders Handeln<br \/>\nAttac Austria<br \/>\nKSV-LiLi<br \/>\nZero Covid (Germany\/Austria\/Switzerland)<\/p>\n<p>BE<\/p>\n<p>11.11.11<br \/>\nActieplatform Gezondheid en Solidariteit &#8211; Plateforme d\u2019Action Sant\u00e9 et Solidarit\u00e9<br \/>\nACV-CSC<br \/>\nACV PULS<br \/>\nAlgemene Centrale ABVV &#8211; Centrale G\u00e9n\u00e9rale FGTB<br \/>\nAllemaal van Belang<br \/>\nAmnesty International Belgique Francophone<br \/>\nArtsen Zonder Vakantie &#8211; M\u00e9decins sans vacances<br \/>\nBelgisch Netwerk Armoedebestrijding vzw<br \/>\nBeweging.net<br \/>\nBroederlijk Delen<br \/>\nCentrale nationale des Employ\u00e9s et des Cadres du secteur priv\u00e9 (CNE)<br \/>\nCentre Bruxellois de Promotion de la Sant\u00e9 (CBPS)<br \/>\nCentre d&#8217;Action La\u00efque de la Province de Li\u00e8ge<br \/>\nCgsp-Acod<br \/>\nChristelijke Mutualiteit &#8211; Mutualit\u00e9 Chr\u00e9tienne<br \/>\nCNCD-11.11.11<br \/>\nComac<br \/>\nConseil bruxellois de coordination sociopolitique asbl (CBCS)<br \/>\nCubanismo.be<br \/>\nDokters van de Wereld &#8211; M\u00e9decins du Monde<br \/>\nEn\u00e9o &#8211; Mouvement social des a\u00een\u00e9s<br \/>\nF\u00e9d\u00e9ration des maisons m\u00e9dicales<br \/>\nF\u00e9d\u00e9ration des Services Sociaux<br \/>\nFemma Wereldvrouwen<br \/>\nFemmes Pr\u00e9voyantes Socialistes &#8211; FPS<br \/>\nFGTB-ABVV (Belgian General Federation of Labour)<br \/>\nFOS<br \/>\nGeneeskunde voor het Volk &#8211; M\u00e9decine pour le Peuple<br \/>\nHanden Af van Venezuela<br \/>\nHart Boven Hard<br \/>\nJong Groen<br \/>\nKazou vzw<br \/>\nKif Kif vzw<br \/>\nKWB<br \/>\nLAMA asbl<br \/>\nLa Sant\u00e9 en Lutte<br \/>\nLe Monde selon les femmes asbl<br \/>\nLigue Bruxelloise pour la Sant\u00e9 Mentale<br \/>\nLinks Ecologisch Forum &#8211; Forum Gauche Ecologie<br \/>\nManiFiesta<br \/>\nMasereelfonds vzw<br \/>\nMemisa<br \/>\nMOC &#8211; Mouvement Ouvrier Chr\u00e9tien<br \/>\nNationaal Intermutualistisch College (NIC) &#8211; Coll\u00e8ge Intermutualiste National (CIN)<br \/>\nOkra vzw<br \/>\nOxfam-in-Belgi\u00eb &#8211; Oxfam-en-Belgique<br \/>\nQuinoa<br \/>\nR\u00e9seau Wallon de Lutte contre la Pauvret\u00e9 (RWLP)<br \/>\nSETCa-BBTK<br \/>\nSocialistische Mutualiteiten<br \/>\nSolidaris<br \/>\nSolSoc<br \/>\n\u2018tEi<br \/>\nVereniging van wijkgezondheidscentra<br \/>\nVermeylenfonds<br \/>\nViva Salud<br \/>\nVlaams Pati\u00ebntenplatform<br \/>\nvzw Climaxi<br \/>\nWSM<\/p>\n<p>Ecolo<br \/>\nPVDA-PTB<\/p>\n<p>CY<\/p>\n<p>PEO &#8211; Pancyprian Federation of Labour<br \/>\nPOGO &#8211; Women&#8217;s Movement of POGO<br \/>\nEDON &#8211; United Democratic Youth Organisation<br \/>\nEKA &#8211; Cypriot Farmers&#8217; Union<\/p>\n<p>AKEL &#8211; Progressive Party of the Working People<\/p>\n<p>CZ<\/p>\n<p>Komunistick\u00e1 strana \u010cech a Moravy, KS\u010cM<br \/>\nLevice<\/p>\n<p>DE<\/p>\n<p>\u00c4rzte der Welt e.V.<br \/>\nAttac Deutschland<br \/>\nBUKO Pharma-Kampagne<br \/>\nEuropa.blog<br \/>\nGen-ethisches Netzwerk e.V.<br \/>\nPeople\u2019s Health Movement Germany<br \/>\nUAEM Germany<br \/>\nVer.di<br \/>\nWar Child Germany<br \/>\nZero Covid (Germany\/Austria\/Switzerland)<\/p>\n<p>Die Linke<br \/>\nDKP<\/p>\n<p>DK<\/p>\n<p>Global Aktion<\/p>\n<p>Kommunistisk Parti<\/p>\n<p>&nbsp;<\/p>\n<p>ES<\/p>\n<p>Acci\u00f3n en Red Andaluc\u00eda<br \/>\nAlianza por la Solidaridad<br \/>\nAsamblea 8-M La Latina Madrid<br \/>\nAsociaci\u00f3n Ciudadana para la Promoci\u00f3n y Defensa de la Salud del Pa\u00eds Valenciano (ACDESA-PV)<br \/>\nAsociaci\u00f3n de Consumidores ADICAE<br \/>\nAsociaci\u00f3n de Usuarios de la Sanidad de la Regi\u00f3n de Murcia<br \/>\nAsociaci\u00f3n por un Acceso Justo a los Medicamentos (AAJM)<br \/>\nAsociaci\u00f3n Pro Derechos Humanos de Andaluc\u00eda<br \/>\nAsociaci\u00f3n Valenciana de Usuarios de la Sanidad (AVUSAN)<br \/>\nAssociaci\u00f3 Catalana de T\u00e8cnics Especialistes en Salut P\u00fablica (ACTSESP)<br \/>\nATTAC Espa\u00f1a<br \/>\nCampanya per una Just\u00edcia Fiscal<br \/>\nComisiones Obreras (CCOO)<br \/>\nConfederaci\u00f3n de Consumidores y Usuarios de Madrid &#8211; CECU Madrid<br \/>\nConfederaci\u00f3n Estatal de Asociaciones Vecinales (CEAV)<br \/>\nConfederaci\u00f3n Intersindical Galega (CIG), GALIZA<br \/>\nConfederaci\u00f3n General del Trabajo (CGT)<br \/>\nConflu\u00e8ncia Jove<br \/>\nConsejo Estatal de Estudiantes de Medicina<br \/>\nCoordinadora Estatal de Organizaciones para el Desarrollo (ONGD)<br \/>\nCSIF<br \/>\nELA (Basque Workers Solidarity)<br \/>\nENTREPUEBLOS<br \/>\nFarmacriticxs (IFMSA &#8211; Spain)<br \/>\nFarmamundi<br \/>\nFederaci\u00f3n de Asociaciones para la Defensa de la Sanidad P\u00fablica<br \/>\nFundaci\u00f3n PROCLADE<br \/>\nInstituto M\u00e9dico Valenciano (IMV)<br \/>\nIntersindical Valenciana<br \/>\nMarea Blanca Catalunya<br \/>\nMarea Blanca de les Comarques del Sud del Pa\u00eds Valenci\u00e0<br \/>\nMedicamentos a un precio justo \u2013 Iniciativa Legislativa Popular<br \/>\nM\u00e9dicos del Mundo<br \/>\nMedicus Mundi \u2013 Medicus Mundi Mediterranea<br \/>\nMesa Feminista del Foro local de La Latina \u2013 Madrid<br \/>\nMovimiento Asambleario de Trabajadores-as de la Sanidad (MATS)<br \/>\nMovimiento Democr\u00e1tico de Mujeres de Madrid<br \/>\nOxfam Espa\u00f1a<br \/>\nPlataforma de Afectados por la Hepatitis C<br \/>\nPlataforma pel Dret a Decidir del Pa\u00eds Valenci\u00e0<br \/>\nPsic\u00f3logas y Psic\u00f3logos Sin Frontera<br \/>\nSalud Por Derecho<br \/>\nUni\u00f3n de Consumidores de la Comunidad Valenciana<br \/>\nUni\u00f3n General de Trabajadores &#8211; UGT<br \/>\nValencia Saludable<\/p>\n<p>Anticapitalistas<br \/>\nERPV<br \/>\nIzquierda Unida<br \/>\nJSUC &#8211; Joventut Comunista<br \/>\nPartit Socialista Unificat de Catalunya viu (PSUC viu)<br \/>\nPodemos<br \/>\nUnidas Podemos<\/p>\n<p>FI<\/p>\n<p>Attac Finland<br \/>\nParecon Finland<\/p>\n<p>FR<\/p>\n<p>Association des m\u00e9decins urgentistes de France (AMUF)<br \/>\nAttac France<br \/>\nCollectif brevets sur les vaccins. Stop ! R\u00e9quisition<br \/>\nComit\u00e9s de d\u00e9fense des h\u00f4pitaux et maternit\u00e9s de proximit\u00e9<br \/>\nConf\u00e9d\u00e9ration de la CGT<br \/>\nCGT F\u00e9d\u00e9ration de la sant\u00e9 et de l\u2019action sociale<br \/>\nCGT F\u00e9d\u00e9ration nationale des industries chimiques<br \/>\nCGT Fonctionnaires et agents territoriaux de Cavalaire<br \/>\nCGT Syndicat Sanofi<br \/>\nCGT Union D\u00e9partementale du Rh\u00f4ne et de la M\u00e9tropole<br \/>\nConvergence des services publics<br \/>\nCoordination nationale des comit\u00e9s de d\u00e9fense des h\u00f4pitaux et maternit\u00e9s de proximit\u00e9<br \/>\n\u00c9conomistes atterr\u00e9s<br \/>\nF\u00e9d\u00e9ration des mutuelles de France<br \/>\nF\u00e9d\u00e9ration nationale des centres de sant\u00e9<br \/>\nF\u00e9d\u00e9ration SUD Sant\u00e9-Sociaux<br \/>\nFeyzin-Europe<br \/>\nFSU &#8211; F\u00e9d\u00e9ration Syndicale Unitaire<br \/>\nFondation Gabriel P\u00e9ri<br \/>\nGauche R\u00e9publicaine et Socialiste (GRS)<br \/>\nLigue des droits de l\u2019homme (LDH)<br \/>\nM\u00e9decins du Monde France<br \/>\nMouvement de la paix<br \/>\nOxfam France<br \/>\nPeople\u2019s Health Movement France<br \/>\nR\u00e9publique &amp; Socialisme<br \/>\nR\u00e9sistance et Solidarit\u00e9<br \/>\nSauv-Natur Saint Leu la For\u00eat<br \/>\nSolidaires<br \/>\nSolimut Mutuelle<br \/>\nUAEM France<br \/>\nUnion syndicale de la psychiatrie<br \/>\nUnion Sante D\u00e9partementale CGT du Val de Marne<br \/>\nUnion syndicale Solidaires<br \/>\nUnion syndicale des m\u00e9decins de centres de sant\u00e9<\/p>\n<p>GDS (Gauche D\u00e9mocratique et Sociale)<br \/>\nLa France Insoumise<br \/>\nPCF<\/p>\n<p>GR<\/p>\n<p>ADEDYS\u2019 prefectural department of Ioannina<br \/>\nHellenic Federation of Medical Advisers and Pharma Employees (POIEFSEK)<br \/>\nInter Alia NGO<br \/>\nPRAKSIS<br \/>\nSolidarity4All &#8211; \u0391\u03bb\u03bb\u03b7\u03bb\u03b5\u03b3\u03b3\u03cd\u03b7 \u03b3\u03b9\u03b1 \u038c\u03bb\u03bf\u03c5\u03c2<br \/>\nTOMOV Organisation of women&#8217;s rights &#8211; \u03a4\u039f \u039c\u03a9\u0392 \u039f\u03c1\u03b3\u03ac\u03bd\u03c9\u03c3\u03b7 \u0393\u03c5\u03bd\u03b1\u03b9\u03ba\u03b5\u03af\u03c9\u03bd \u0394\u03b9\u03ba\u03b1\u03b9\u03c9\u03bc\u03ac\u03c4\u03c9\u03bd<\/p>\n<p>HR<\/p>\n<p>Baza za radni\u010dku inicijativu i demokratizaciju (BRID)<br \/>\nEuropean Medical Students\u2019 Association (EMSA) \u2013 Zagreb<br \/>\nHrvatski nacionalni savez sestrinstva<br \/>\nHrvatski strukovni sindikat medicinskih sestara \u2013 medicinskih tehni\u010dara (HSSMS-MT)<br \/>\nHrvatska udruga leukemija i limfomi (HULL)<br \/>\nInstitut za politi\u010dku ekologiju (IPE)<br \/>\nKoalicija udruga u zdravstvu (KUZ)<br \/>\nMijelomCRO<br \/>\nPravo na grad<br \/>\nRegionalni industrijski sindikat (RIS)<br \/>\nSindikat hrvatskih u\u010ditelja (SHU)<br \/>\nSindikat Istre, Kvarnera i Dalmacije (SIKD)<br \/>\nSindikat kabinskog osoblja zrakoplova (SKOZ)<br \/>\nSindikat obrazovanja, medija i kulture Hrvatske (SOMK)<br \/>\nSindikat umirovljenika Hrvatske (SUH)<br \/>\nUdruga za promicanje kvalitete \u017eivota \u201cKarika\u201d \u2013 Karlovac<br \/>\nUdruga \u017eena oboljelih i lije\u010denih od raka NISMO SAME<\/p>\n<p>HU<\/p>\n<p>A MI ID\u0150NK<\/p>\n<p>IR<\/p>\n<p>Access to Medicines Ireland<br \/>\nActionAid Ireland<br \/>\nAmnesty International<br \/>\nAMRI-Association of Missionaries &amp; Religious of Ireland<br \/>\nComhl\u00e1mh<br \/>\nD\u00f3chas<br \/>\nGOAL<br \/>\nIrish Global Health Network<br \/>\nMisean Cara-Mission Support from Ireland<br \/>\nOxfam Ireland<br \/>\nTr\u00f3caire<br \/>\nUCD Students&#8217; Union<\/p>\n<p>Sinn F\u00e9in<\/p>\n<p>IT<\/p>\n<p>A.N.P.I. &#8211; Associazione Nazionale Partigiani d\u2019Italia<br \/>\nAcea Odv<br \/>\nAcli<br \/>\nAcmos<br \/>\nAcs<br \/>\nAcu<br \/>\nAgor\u00e0 Degli Abitanti Della Terra<br \/>\nAgor\u00e0 Della Terra<br \/>\nAiea<br \/>\nAnlaids Onlus Italia<br \/>\nAnpi Nazionale<br \/>\nArci<br \/>\nAssistenza Sociosanitaria<br \/>\nAssociazione Amici Di Angal Onlus<br \/>\nAssociazione Bene Comuni &#8220;Stefano Rodot\u00e0&#8221;<br \/>\nAssociazione Brigata Garbatella \u2013 Protezione Civile E Solidariet\u00e0<br \/>\nAssociazione Cittadini Del Mondo<br \/>\nAssociazione Dossetti<br \/>\nAssociazione Firenze Citt\u00e0 Aperta<br \/>\nAssociazione Laudato S\u00ec<br \/>\nAssociazione Medici Per L&#8217;ambiente \u2013 Isde Italia<br \/>\nAssociazione Nazionale Di Amicizia Italia-Cuba<br \/>\nAssociazione Nazionale Genitori Persone Con Autismo (ANGSA)<br \/>\nAssociazione Ong Italiane (AOI)<br \/>\nAssociazione Per Un&#8217;europa Dei Popoli<br \/>\nAssociazione Planet 2084 Onlus<br \/>\nAssociazione Slow Medicine<br \/>\nAssociazione Sociosanitaria<br \/>\nAssociazione Un&#8217;altra Storia<br \/>\nAssociazione Valeria APS<br \/>\nAttac Italia<br \/>\nCgil<br \/>\nCipsi<br \/>\nCisl<br \/>\nCitt\u00e0 Della Gioia Onlus<br \/>\nCnca<br \/>\nCobas<br \/>\nCodici Ricerca e Intervento<br \/>\nComitato Nazionale Per La Difesa Della Costituzione<br \/>\nComitato Stop Ttip Udine<br \/>\nConigli Bianchi,Artivist* Contro La Sierofobia<br \/>\nControcultura: Spazio Aperto Be.Brecht<br \/>\nCooperazione Internazionale Sud Sud (CISS)<br \/>\nCooperazione Odontoiatrica Internazionale<br \/>\nCoordinamento Per La Democrazia Costituzionale<br \/>\nCostituente Terra<br \/>\nCub<br \/>\nCVX-LMS Italia (Comunit\u00e0 di Vita Cristiana &#8211; Lega Missionaria Studenti)<br \/>\nDico 32<br \/>\nDiEM25 in Italy<br \/>\nEmergency<br \/>\nFairwatch<br \/>\nFederazione Italiana Per Il Superamento Dell&#8217;handicap (FISH)<br \/>\nFocsiv &#8211; Volontari nel mondo<br \/>\nFondazione Benvenuti In Italia<br \/>\nForum Acqua<br \/>\nForum Gorizia<br \/>\nForum Per Il Diritto Alla Salute<br \/>\nGruppo Abele<br \/>\nGruppo Acquisti Popolare Verona<br \/>\nGruppo Palade: Pace, Ambiente, Lavoro, Accoglienza, Democrazia, Eguaglianza<br \/>\nGruppo Solidariet\u00e0<br \/>\nGruppo \u201cTENDA Della Salute\u201d<br \/>\nIfe Italia<br \/>\nIl Manifesto<br \/>\nIntersos<br \/>\nLa Fondazione Benvenuti in Italia<br \/>\nLa Via Libera<br \/>\nLaboratorio Andrea Ballar\u00f2<br \/>\nLeft<br \/>\nLibera<br \/>\nLila<br \/>\nLink 2007 \u2013 Cooperazione In Rete<br \/>\nMantova Per La Pace<br \/>\nMedici Del Mondo Italia (MDM Italy)<br \/>\nMedicina Democratica<br \/>\nMonastero Del Bene Comune<br \/>\nMovimento Dipende Da Noi Marche<br \/>\nOltre Magy&#8217;s Odv<br \/>\nOxfam Italia<br \/>\nPressenza<br \/>\nPunto Rosso<br \/>\nRadio Popolare<br \/>\nRete della Conoscenza<br \/>\nRete Italiana Economia Solidale (RIES)<br \/>\nRete Per Il Diritto Alla Salute Milano E Lombardia<br \/>\nReti Di Pace<br \/>\nSISM &#8211; Segretariato Italiano Studenti in Medicina &#8211; APS<br \/>\nSociety For International Development (sid)<br \/>\nSociety For International Devolpment (SID)<br \/>\nSociet\u00e0 Italiana Medicina Delle Migrazioni (SIMM)<br \/>\nSos Sanit\u00e0<br \/>\nTenda della Salute<br \/>\nTransform! Italia<br \/>\nUil<br \/>\nUn Ponte Per<br \/>\nUnione Inquilini<br \/>\nUsb<br \/>\nVIM Onlus &#8211; L\u2032Associazione di associazioni dei Volontari Italiani per il Madagascar<br \/>\nVolontari Italiani Per Il Madagascar Onlus (V.I.M.)<\/p>\n<p>Articolo Uno \u2013 Movimento Democratico E Progressista<br \/>\nFederazione Dei Verdi<br \/>\nFronte Popolare<br \/>\nLa Sinistra Legnano In Comune<br \/>\nPartito Comunista Dei Lavoratori<br \/>\nPartito Comunista Italiano<br \/>\nPartito Dei Verdi<br \/>\nPartito Del Sud<br \/>\nPartito Della Rifondazione Comunista<br \/>\nPartito Della Sinistra Europea<br \/>\nPartito Marxista \u2013 Leninista Italiano<br \/>\nPossibile<br \/>\nPotere Al Popolo<br \/>\nSinistra Anticapitalista<br \/>\nSinistra Italiana<\/p>\n<p>LT<\/p>\n<p>DEMOS Institute of Critical Thought<\/p>\n<p>LU<\/p>\n<p>Action Solidarit\u00e9 Tiers Monde asbl<br \/>\nASTI<\/p>\n<p>D\u00e9i L\u00e9nk<br \/>\nKPL<\/p>\n<p>NL<\/p>\n<p>Containment Nu<br \/>\nCordAid<br \/>\nDe Goede Zaak<br \/>\nDokters van de Wereld \u2013 Medecins du Monde Netherlands<br \/>\nDwars<br \/>\nFarma ter Verantwoording<br \/>\nFNV &#8211; Federatie Nederlandse Vakbeweging<br \/>\nNationaal Zorgfonds<br \/>\nOxfam Novib<br \/>\nPAX<br \/>\nROOD<br \/>\nTNI &#8211; Transnational Institute<br \/>\nWar Child Holland<br \/>\nWemos<\/p>\n<p>GroenLinks<br \/>\nSP<\/p>\n<p>PL<\/p>\n<p>Akcja Socjalistyczna<br \/>\nFundacja Naprz\u00f3d<br \/>\nStowarzyszenie Sp\u00f3jnik<br \/>\nZwi\u0105zek Zawodowy Zwi\u0105zkowa Alternatywa<\/p>\n<p>Polish Greens \/ Partia Zieloni<br \/>\nRazem<\/p>\n<p>RO<\/p>\n<p>Demos Romania<\/p>\n<p>&nbsp;<\/p>\n<p>SE<\/p>\n<p>Emmaus Sverige<br \/>\nThe Swallows India Bangladesh<br \/>\nWar Child Sweden<\/p>\n<p>V\u00e4nsterpartiet<\/p>\n<p>SK<\/p>\n<p>Bod Obratu<br \/>\nKritick\u00e9 f\u00f3rum (Critical forum)<br \/>\nSocialisti.sk<\/p>\n<p>&nbsp;<\/p>\n","protected":false},"excerpt":{"rendered":"<p>Jekk l-organizzazzjoni tieg\u0127ek tixtieq ting\u0127aqad ma&#8217; din il-koalizzjoni, jekk jog\u0127\u0121bok ikteb lil:\u00a0info@noprofitonpandemic.eu Organizzaturi Anne DELESPAUL Caoimhgh\u00edn \u00d3 CAOL\u00c1IN Chrysanthos GEORGIOU Isabel PE\u00d1A-REY Karim KHELFAOUI Michael DOUBEK Michel LIMOUSIN Rosa Maria MEDEL P\u00c9REZ Sara MURAWSKI Sascha Heribert WAGNER Vittorio Emanuele AGNOLETTO &hellip; <a href=\"https:\/\/noprofitonpandemic.eu\/mt\/min-ahna\/\">Continue reading <span class=\"meta-nav\">&rarr;<\/span><\/a><\/p>\n","protected":false},"author":1,"featured_media":0,"parent":0,"menu_order":0,"comment_status":"closed","ping_status":"closed","template":"","meta":[],"acf":[],"yoast_head":"<!-- This site is optimized with the Yoast SEO plugin v15.3 - https:\/\/yoast.com\/wordpress\/plugins\/seo\/ -->\n<meta name=\"description\" content=\"IFFIRMA ISSA! Din hija INIZJATTIVA TA\u010a-\u010aITTADINI EWROPEJ biex ma jkun hemm l-Ebda Profitt minn fuq il-Pandemija! Kul\u0127add jist\u0127oqqlu protezzjoni mill-COVID-19.\" \/>\n<meta name=\"robots\" content=\"index, follow, max-snippet:-1, max-image-preview:large, max-video-preview:-1\" \/>\n<link rel=\"canonical\" href=\"https:\/\/noprofitonpandemic.eu\/mt\/min-ahna\/\" \/>\n<meta property=\"og:locale\" content=\"mt_MT\" \/>\n<meta property=\"og:type\" content=\"article\" \/>\n<meta property=\"og:title\" content=\"Min a\u0127na? | No Profit on the Pandemic\" \/>\n<meta property=\"og:description\" content=\"IFFIRMA ISSA! Din hija INIZJATTIVA TA\u010a-\u010aITTADINI EWROPEJ biex ma jkun hemm l-Ebda Profitt minn fuq il-Pandemija! Kul\u0127add jist\u0127oqqlu protezzjoni mill-COVID-19.\" \/>\n<meta property=\"og:url\" content=\"https:\/\/noprofitonpandemic.eu\/mt\/min-ahna\/\" \/>\n<meta property=\"og:site_name\" content=\"No Profit on the Pandemic\" \/>\n<meta property=\"article:modified_time\" content=\"2021-12-15T22:11:17+00:00\" \/>\n<meta property=\"og:image\" content=\"https:\/\/noprofitonpandemic.eu\/wp-content\/uploads\/2021\/02\/MALTI_FB-Share.jpg\" \/>\n\t<meta property=\"og:image:width\" content=\"1200\" \/>\n\t<meta property=\"og:image:height\" content=\"628\" \/>\n<meta name=\"twitter:card\" content=\"summary_large_image\" \/>\n<meta name=\"twitter:image\" content=\"https:\/\/noprofitonpandemic.eu\/wp-content\/uploads\/2021\/02\/MALTI_FB-Share.jpg\" \/>\n<meta name=\"twitter:label1\" content=\"Written by\">\n\t<meta name=\"twitter:data1\" content=\"NPOP\">\n\t<meta name=\"twitter:label2\" content=\"Est. reading time\">\n\t<meta name=\"twitter:data2\" content=\"7 minutes\">\n<script type=\"application\/ld+json\" class=\"yoast-schema-graph\">{\"@context\":\"https:\/\/schema.org\",\"@graph\":[{\"@type\":\"Organization\",\"@id\":\"https:\/\/noprofitonpandemic.eu\/mt\/#organization\",\"name\":\"Sociaal Actiecentrum voor het Volk vzw\",\"url\":\"https:\/\/noprofitonpandemic.eu\/mt\/\",\"sameAs\":[],\"logo\":{\"@type\":\"ImageObject\",\"@id\":\"https:\/\/noprofitonpandemic.eu\/mt\/#logo\",\"inLanguage\":\"mt-MT\",\"url\":\"https:\/\/noprofitonpandemic.eu\/wp-content\/uploads\/2020\/11\/noprofitonpandemic-logo-e1606511487811.png\",\"width\":500,\"height\":232,\"caption\":\"Sociaal Actiecentrum voor het Volk vzw\"},\"image\":{\"@id\":\"https:\/\/noprofitonpandemic.eu\/mt\/#logo\"}},{\"@type\":\"WebSite\",\"@id\":\"https:\/\/noprofitonpandemic.eu\/mt\/#website\",\"url\":\"https:\/\/noprofitonpandemic.eu\/mt\/\",\"name\":\"No Profit on Pandemic\",\"description\":\"European citizens\\u2019 initiative\",\"publisher\":{\"@id\":\"https:\/\/noprofitonpandemic.eu\/mt\/#organization\"},\"potentialAction\":[{\"@type\":\"SearchAction\",\"target\":\"https:\/\/noprofitonpandemic.eu\/mt\/?s={search_term_string}\",\"query-input\":\"required name=search_term_string\"}],\"inLanguage\":\"mt-MT\"},{\"@type\":\"WebPage\",\"@id\":\"https:\/\/noprofitonpandemic.eu\/mt\/min-ahna\/#webpage\",\"url\":\"https:\/\/noprofitonpandemic.eu\/mt\/min-ahna\/\",\"name\":\"Min a\\u0127na? | No Profit on the Pandemic\",\"isPartOf\":{\"@id\":\"https:\/\/noprofitonpandemic.eu\/mt\/#website\"},\"datePublished\":\"2020-11-28T00:00:27+00:00\",\"dateModified\":\"2021-12-15T22:11:17+00:00\",\"description\":\"IFFIRMA ISSA! Din hija INIZJATTIVA TA\\u010a-\\u010aITTADINI EWROPEJ biex ma jkun hemm l-Ebda Profitt minn fuq il-Pandemija! Kul\\u0127add jist\\u0127oqqlu protezzjoni mill-COVID-19.\",\"inLanguage\":\"mt-MT\",\"potentialAction\":[{\"@type\":\"ReadAction\",\"target\":[\"https:\/\/noprofitonpandemic.eu\/mt\/min-ahna\/\"]}]}]}<\/script>\n<!-- \/ Yoast SEO plugin. -->","_links":{"self":[{"href":"https:\/\/noprofitonpandemic.eu\/mt\/wp-json\/wp\/v2\/pages\/2126"}],"collection":[{"href":"https:\/\/noprofitonpandemic.eu\/mt\/wp-json\/wp\/v2\/pages"}],"about":[{"href":"https:\/\/noprofitonpandemic.eu\/mt\/wp-json\/wp\/v2\/types\/page"}],"author":[{"embeddable":true,"href":"https:\/\/noprofitonpandemic.eu\/mt\/wp-json\/wp\/v2\/users\/1"}],"replies":[{"embeddable":true,"href":"https:\/\/noprofitonpandemic.eu\/mt\/wp-json\/wp\/v2\/comments?post=2126"}],"version-history":[{"count":14,"href":"https:\/\/noprofitonpandemic.eu\/mt\/wp-json\/wp\/v2\/pages\/2126\/revisions"}],"predecessor-version":[{"id":2682,"href":"https:\/\/noprofitonpandemic.eu\/mt\/wp-json\/wp\/v2\/pages\/2126\/revisions\/2682"}],"wp:attachment":[{"href":"https:\/\/noprofitonpandemic.eu\/mt\/wp-json\/wp\/v2\/media?parent=2126"}],"curies":[{"name":"wp","href":"https:\/\/api.w.org\/{rel}","templated":true}]}}