{"id":1159,"date":"2020-11-27T23:59:55","date_gmt":"2020-11-27T23:59:55","guid":{"rendered":"https:\/\/noprofitonpandemic.eu\/our-demands\/"},"modified":"2020-12-15T09:55:40","modified_gmt":"2020-12-15T08:55:40","slug":"cererile-noastre","status":"publish","type":"page","link":"https:\/\/noprofitonpandemic.eu\/ro\/cererile-noastre\/","title":{"rendered":"Cererile noastre?"},"content":{"rendered":"\r\n<p>1 \u2014\u00a0<strong>S\u0102N\u0102TATE PENTRU TO\u021aI<\/strong><\/p>\r\n\r\n\r\n\r\n<p align=\"left\">Cu to\u021bii avem dreptul la s\u0103n\u0103tate. \u00centr-o pandemie, cercetarea \u0219i tehnologiile ar trebui s\u0103 fie \u00eemp\u0103rt\u0103\u0219ite pe scar\u0103 larg\u0103, rapid\u0103, pe tot globul. O companie privat\u0103 nu ar trebui s\u0103 aib\u0103 puterea de a decide cine are acces la tratamente sau vaccinuri \u0219i la ce pre\u021b. Brevetele ofer\u0103 unei singure companii controlul asupra monopolului asupra produselor farmaceutice esen\u021biale. Acest lucru le limiteaz\u0103 disponibilitatea \u0219i le m\u0103re\u0219te costul pentru cei care au nevoie de ele.<\/p>\r\n\r\n\r\n\r\n<p>2 \u2014 <strong>TRANSPAREN\u021a\u0102 ACUM!<\/strong><\/p>\r\n\r\n\r\n\r\n<p align=\"left\">Datele privind costurile de produc\u021bie, contribu\u021biile publice \u0219i eficacitatea \u0219i siguran\u021ba vaccinurilor \u0219i medicamentelor ar trebui s\u0103 fie publice. Contractele dintre autorit\u0103\u021bile publice \u0219i companiile farmaceutice trebuie f\u0103cute publice.<\/p>\r\n\r\n\r\n\r\n<p>3 \u2014\u00a0<strong>BANII PUBLICI, CONTROLUL PUBLIC<\/strong><\/p>\r\n\r\n\r\n\r\n<p align=\"left\">Contribuabilii au pl\u0103tit pentru cercetarea \u0219i dezvoltarea vaccinurilor \u0219i tratamentelor. Ceea ce a fost pl\u0103tit de oameni ar trebui s\u0103 r\u0103m\u00e2n\u0103 \u00een m\u00e2inile oamenilor. Nu putem permite marilor companii farmaceutice s\u0103 privatizeze tehnologii cruciale de s\u0103n\u0103tate dezvoltate cu resurse publice.<\/p>\r\n\r\n\r\n\r\n<p>4 \u2014\u00a0<b><\/b><strong>F\u0102R\u0102 PROFIT PE PANDEMIE<\/strong><\/p>\r\n<p>Marile companii farmaceutice nu ar trebui s\u0103 profite de aceast\u0103 pandemie \u00een detrimentul s\u0103n\u0103t\u0103\u021bii oamenilor. O amenin\u021bare colectiv\u0103 necesit\u0103 solidaritate, nu profituri private. Fondurile publice ar trebui s\u0103 vin\u0103 \u00eentotdeauna cu garan\u021bii privind disponibilitatea \u0219i accesibilitatea. Big Pharma nu ar trebui s\u0103 aib\u0103 voie s\u0103 jefuiasc\u0103 sistemele de securitate social\u0103.<\/p>\r\n","protected":false},"excerpt":{"rendered":"<p>1 \u2014\u00a0S\u0102N\u0102TATE PENTRU TO\u021aI Cu to\u021bii avem dreptul la s\u0103n\u0103tate. \u00centr-o pandemie, cercetarea \u0219i tehnologiile ar trebui s\u0103 fie \u00eemp\u0103rt\u0103\u0219ite pe scar\u0103 larg\u0103, rapid\u0103, pe tot globul. O companie privat\u0103 nu ar trebui s\u0103 aib\u0103 puterea de a decide cine &hellip; <a href=\"https:\/\/noprofitonpandemic.eu\/ro\/cererile-noastre\/\">Continue reading <span class=\"meta-nav\">&rarr;<\/span><\/a><\/p>\n","protected":false},"author":1,"featured_media":0,"parent":0,"menu_order":0,"comment_status":"closed","ping_status":"closed","template":"","meta":[],"acf":[],"yoast_head":"<!-- This site is optimized with the Yoast SEO plugin v15.3 - https:\/\/yoast.com\/wordpress\/plugins\/seo\/ -->\n<meta name=\"description\" content=\"SEMN\u0102 ACUM! Aceasta este o INI\u021aIATIV\u0102 A CET\u0102\u021aENILOR EUROPENEpentru F\u0103r\u0103 Profit \u00een Pandemie! Toat\u0103 lumea merit\u0103 protec\u021bie \u00eempotriva COVID-19.\" \/>\n<meta name=\"robots\" content=\"index, follow, max-snippet:-1, max-image-preview:large, max-video-preview:-1\" \/>\n<link rel=\"canonical\" href=\"https:\/\/noprofitonpandemic.eu\/ro\/cererile-noastre\/\" \/>\n<meta property=\"og:locale\" content=\"ro_RO\" \/>\n<meta property=\"og:type\" content=\"article\" \/>\n<meta property=\"og:title\" content=\"F\u0103r\u0103 profit pe pandemie! Semna\u021bi acum!\" \/>\n<meta property=\"og:description\" content=\"Toat\u0103 lumea merit\u0103 protec\u021bie \u00eempotriva COVID-19.\" \/>\n<meta property=\"og:url\" content=\"https:\/\/noprofitonpandemic.eu\/ro\/cererile-noastre\/\" \/>\n<meta property=\"og:site_name\" content=\"No Profit on the Pandemic\" \/>\n<meta property=\"article:modified_time\" content=\"2020-12-15T08:55:40+00:00\" \/>\n<meta property=\"og:image\" content=\"https:\/\/noprofitonpandemic.eu\/wp-content\/uploads\/2020\/12\/ROM_FB-Share.jpg\" \/>\n\t<meta property=\"og:image:width\" content=\"1200\" \/>\n\t<meta property=\"og:image:height\" content=\"628\" \/>\n<meta name=\"twitter:card\" content=\"summary_large_image\" \/>\n<meta name=\"twitter:title\" content=\"F\u0103r\u0103 profit pe pandemie! Semna\u021bi acum!\" \/>\n<meta name=\"twitter:description\" content=\"Toat\u0103 lumea merit\u0103 protec\u021bie \u00eempotriva COVID-19 #right2cure #noprofitonpandemic\" \/>\n<meta name=\"twitter:image\" content=\"https:\/\/noprofitonpandemic.eu\/wp-content\/uploads\/2020\/12\/ROM_FB-Share.jpg\" \/>\n<meta name=\"twitter:label1\" content=\"Scris de\">\n\t<meta name=\"twitter:data1\" content=\"NPOP\">\n\t<meta name=\"twitter:label2\" content=\"Timp estimat pentru citire\">\n\t<meta name=\"twitter:data2\" content=\"1 minut\">\n<script type=\"application\/ld+json\" class=\"yoast-schema-graph\">{\"@context\":\"https:\/\/schema.org\",\"@graph\":[{\"@type\":\"Organization\",\"@id\":\"https:\/\/noprofitonpandemic.eu\/ro\/#organization\",\"name\":\"Sociaal Actiecentrum voor het Volk vzw\",\"url\":\"https:\/\/noprofitonpandemic.eu\/ro\/\",\"sameAs\":[],\"logo\":{\"@type\":\"ImageObject\",\"@id\":\"https:\/\/noprofitonpandemic.eu\/ro\/#logo\",\"inLanguage\":\"ro-RO\",\"url\":\"https:\/\/noprofitonpandemic.eu\/wp-content\/uploads\/2020\/11\/noprofitonpandemic-logo-e1606511487811.png\",\"width\":500,\"height\":232,\"caption\":\"Sociaal Actiecentrum voor het Volk vzw\"},\"image\":{\"@id\":\"https:\/\/noprofitonpandemic.eu\/ro\/#logo\"}},{\"@type\":\"WebSite\",\"@id\":\"https:\/\/noprofitonpandemic.eu\/ro\/#website\",\"url\":\"https:\/\/noprofitonpandemic.eu\/ro\/\",\"name\":\"No Profit on Pandemic\",\"description\":\"European citizens\\u2019 initiative\",\"publisher\":{\"@id\":\"https:\/\/noprofitonpandemic.eu\/ro\/#organization\"},\"potentialAction\":[{\"@type\":\"SearchAction\",\"target\":\"https:\/\/noprofitonpandemic.eu\/ro\/?s={search_term_string}\",\"query-input\":\"required name=search_term_string\"}],\"inLanguage\":\"ro-RO\"},{\"@type\":\"WebPage\",\"@id\":\"https:\/\/noprofitonpandemic.eu\/ro\/cererile-noastre\/#webpage\",\"url\":\"https:\/\/noprofitonpandemic.eu\/ro\/cererile-noastre\/\",\"name\":\"Cererile noastre? | No Profit on the Pandemic\",\"isPartOf\":{\"@id\":\"https:\/\/noprofitonpandemic.eu\/ro\/#website\"},\"datePublished\":\"2020-11-27T23:59:55+00:00\",\"dateModified\":\"2020-12-15T08:55:40+00:00\",\"description\":\"SEMN\\u0102 ACUM! Aceasta este o INI\\u021aIATIV\\u0102 A CET\\u0102\\u021aENILOR EUROPENEpentru F\\u0103r\\u0103 Profit \\u00een Pandemie! Toat\\u0103 lumea merit\\u0103 protec\\u021bie \\u00eempotriva COVID-19.\",\"inLanguage\":\"ro-RO\",\"potentialAction\":[{\"@type\":\"ReadAction\",\"target\":[\"https:\/\/noprofitonpandemic.eu\/ro\/cererile-noastre\/\"]}]}]}<\/script>\n<!-- \/ Yoast SEO plugin. -->","_links":{"self":[{"href":"https:\/\/noprofitonpandemic.eu\/ro\/wp-json\/wp\/v2\/pages\/1159"}],"collection":[{"href":"https:\/\/noprofitonpandemic.eu\/ro\/wp-json\/wp\/v2\/pages"}],"about":[{"href":"https:\/\/noprofitonpandemic.eu\/ro\/wp-json\/wp\/v2\/types\/page"}],"author":[{"embeddable":true,"href":"https:\/\/noprofitonpandemic.eu\/ro\/wp-json\/wp\/v2\/users\/1"}],"replies":[{"embeddable":true,"href":"https:\/\/noprofitonpandemic.eu\/ro\/wp-json\/wp\/v2\/comments?post=1159"}],"version-history":[{"count":2,"href":"https:\/\/noprofitonpandemic.eu\/ro\/wp-json\/wp\/v2\/pages\/1159\/revisions"}],"predecessor-version":[{"id":1161,"href":"https:\/\/noprofitonpandemic.eu\/ro\/wp-json\/wp\/v2\/pages\/1159\/revisions\/1161"}],"wp:attachment":[{"href":"https:\/\/noprofitonpandemic.eu\/ro\/wp-json\/wp\/v2\/media?parent=1159"}],"curies":[{"name":"wp","href":"https:\/\/api.w.org\/{rel}","templated":true}]}}